{"id":1269,"date":"2021-05-01T21:00:32","date_gmt":"2021-05-01T19:00:32","guid":{"rendered":"http:\/\/astrosurf-magazine.com\/?page_id=1269"},"modified":"2021-05-01T21:53:02","modified_gmt":"2021-05-01T19:53:02","slug":"articles","status":"publish","type":"page","link":"https:\/\/astrosurf-magazine.com\/index.php\/articles\/","title":{"rendered":"Articles"},"content":{"rendered":"<p>[et_pb_section fb_built=&#8221;1&#8243; _builder_version=&#8221;4.9.4&#8243; _module_preset=&#8221;default&#8221;][et_pb_row _builder_version=&#8221;4.9.4&#8243; _module_preset=&#8221;default&#8221;][et_pb_column type=&#8221;4_4&#8243; _builder_version=&#8221;4.9.4&#8243; _module_preset=&#8221;default&#8221;][et_pb_text _builder_version=&#8221;4.9.4&#8243; _module_preset=&#8221;default&#8221; hover_enabled=&#8221;0&#8243; sticky_enabled=&#8221;0&#8243;]<\/p>\n<p>Voici quelques articles parus dans Astrosurf-Magazine, qui vous donneront une id\u00e9e du contenu du magazine. De nouveaux articles seront r\u00e9guli\u00e8rement ajout\u00e9s, n&#8217;h\u00e9sitez pas \u00e0 revenir r\u00e9guli\u00e8rement !<\/p>\n<p>[\/et_pb_text][et_pb_blog fullwidth=&#8221;off&#8221; include_categories=&#8221;all&#8221; meta_date=&#8221;j M Y&#8221; excerpt_length=&#8221;120&#8243; show_more=&#8221;on&#8221; show_author=&#8221;off&#8221; show_date=&#8221;off&#8221; _builder_version=&#8221;4.9.4&#8243; _module_preset=&#8221;default&#8221; header_font=&#8221;|700|||||||&#8221; header_text_align=&#8221;left&#8221; header_text_color=&#8221;#ff6600&#8243; header_font_size=&#8221;15px&#8221; body_line_height=&#8221;1.4em&#8221; read_more_text_color=&#8221;#ff6600&#8243; read_more_font_size=&#8221;15px&#8221; text_orientation=&#8221;left&#8221; hover_enabled=&#8221;0&#8243; border_width_all_image=&#8221;1px&#8221; border_color_all_image=&#8221;#cccccc&#8221; sticky_enabled=&#8221;0&#8243; read_more_font=&#8221;|600||||on|||&#8221;][\/et_pb_blog][\/et_pb_column][\/et_pb_row][et_pb_row _builder_version=&#8221;4.9.4&#8243; _module_preset=&#8221;default&#8221;][et_pb_column _builder_version=&#8221;4.9.4&#8243; _module_preset=&#8221;default&#8221; type=&#8221;4_4&#8243;][\/et_pb_column][\/et_pb_row][\/et_pb_section]<\/p>\n","protected":false},"excerpt":{"rendered":"<p>[et_pb_section fb_built=&#8221;1&#8243; _builder_version=&#8221;4.9.4&#8243; _module_preset=&#8221;default&#8221;][et_pb_row _builder_version=&#8221;4.9.4&#8243; _module_preset=&#8221;default&#8221;][et_pb_column type=&#8221;4_4&#8243; _builder_version=&#8221;4.9.4&#8243; _module_preset=&#8221;default&#8221;][et_pb_text _builder_version=&#8221;4.9.4&#8243; _module_preset=&#8221;default&#8221; hover_enabled=&#8221;0&#8243; sticky_enabled=&#8221;0&#8243;] Voici quelques articles parus dans Astrosurf-Magazine, qui vous donneront une id\u00e9e du contenu du magazine. De nouveaux articles seront r\u00e9guli\u00e8rement ajout\u00e9s, n&#8217;h\u00e9sitez pas \u00e0 revenir r\u00e9guli\u00e8rement ! [\/et_pb_text][et_pb_blog fullwidth=&#8221;off&#8221; include_categories=&#8221;all&#8221; meta_date=&#8221;j M Y&#8221; excerpt_length=&#8221;120&#8243; show_more=&#8221;on&#8221; show_author=&#8221;off&#8221; show_date=&#8221;off&#8221; _builder_version=&#8221;4.9.4&#8243; _module_preset=&#8221;default&#8221; header_font=&#8221;|700|||||||&#8221; header_text_align=&#8221;left&#8221; header_text_color=&#8221;#ff6600&#8243; [&hellip;]<\/p>\n","protected":false},"author":1,"featured_media":0,"parent":0,"menu_order":0,"comment_status":"closed","ping_status":"closed","template":"","meta":{"_et_pb_use_builder":"on","_et_pb_old_content":"","_et_gb_content_width":""},"yoast_head":"<!-- This site is optimized with the Yoast SEO plugin v17.1 - https:\/\/yoast.com\/wordpress\/plugins\/seo\/ -->\n<title>Articles - Astrosurf-Magazine<\/title>\n<meta name=\"robots\" content=\"index, follow, max-snippet:-1, max-image-preview:large, max-video-preview:-1\" \/>\n<link rel=\"canonical\" href=\"https:\/\/astrosurf-magazine.com\/index.php\/articles\/\" \/>\n<meta property=\"og:locale\" content=\"fr_FR\" \/>\n<meta property=\"og:type\" content=\"article\" \/>\n<meta property=\"og:title\" content=\"Articles - Astrosurf-Magazine\" \/>\n<meta property=\"og:description\" content=\"[et_pb_section fb_built=&#8221;1&#8243; _builder_version=&#8221;4.9.4&#8243; _module_preset=&#8221;default&#8221;][et_pb_row _builder_version=&#8221;4.9.4&#8243; _module_preset=&#8221;default&#8221;][et_pb_column type=&#8221;4_4&#8243; _builder_version=&#8221;4.9.4&#8243; _module_preset=&#8221;default&#8221;][et_pb_text _builder_version=&#8221;4.9.4&#8243; _module_preset=&#8221;default&#8221; hover_enabled=&#8221;0&#8243; sticky_enabled=&#8221;0&#8243;] Voici quelques articles parus dans Astrosurf-Magazine, qui vous donneront une id\u00e9e du contenu du magazine. De nouveaux articles seront r\u00e9guli\u00e8rement ajout\u00e9s, n&#8217;h\u00e9sitez pas \u00e0 revenir r\u00e9guli\u00e8rement ! [\/et_pb_text][et_pb_blog fullwidth=&#8221;off&#8221; include_categories=&#8221;all&#8221; meta_date=&#8221;j M Y&#8221; excerpt_length=&#8221;120&#8243; show_more=&#8221;on&#8221; show_author=&#8221;off&#8221; show_date=&#8221;off&#8221; _builder_version=&#8221;4.9.4&#8243; _module_preset=&#8221;default&#8221; header_font=&#8221;|700|||||||&#8221; header_text_align=&#8221;left&#8221; header_text_color=&#8221;#ff6600&#8243; [&hellip;]\" \/>\n<meta property=\"og:url\" content=\"https:\/\/astrosurf-magazine.com\/index.php\/articles\/\" \/>\n<meta property=\"og:site_name\" content=\"Astrosurf-Magazine\" \/>\n<meta property=\"article:publisher\" content=\"https:\/\/www.facebook.com\/AstrosurfMagazine\" \/>\n<meta property=\"article:modified_time\" content=\"2021-05-01T19:53:02+00:00\" \/>\n<meta property=\"og:image\" content=\"https:\/\/astrosurf-magazine.com\/wp-content\/uploads\/2022\/11\/ASM119_MAG003_1000.png\" \/>\n\t<meta property=\"og:image:width\" content=\"1000\" \/>\n\t<meta property=\"og:image:height\" content=\"1029\" \/>\n<meta name=\"twitter:card\" content=\"summary_large_image\" \/>\n<meta name=\"twitter:label1\" content=\"Dur\u00e9e de lecture est.\" \/>\n\t<meta name=\"twitter:data1\" content=\"1 minute\" \/>\n<script type=\"application\/ld+json\" class=\"yoast-schema-graph\">{\"@context\":\"https:\/\/schema.org\",\"@graph\":[{\"@type\":\"WebSite\",\"@id\":\"https:\/\/astrosurf-magazine.com\/#website\",\"url\":\"https:\/\/astrosurf-magazine.com\/\",\"name\":\"Astrosurf-Magazine\",\"description\":\"Le magazine des astronomes amateurs francophones\",\"potentialAction\":[{\"@type\":\"SearchAction\",\"target\":{\"@type\":\"EntryPoint\",\"urlTemplate\":\"https:\/\/astrosurf-magazine.com\/?s={search_term_string}\"},\"query-input\":\"required name=search_term_string\"}],\"inLanguage\":\"fr-FR\"},{\"@type\":\"WebPage\",\"@id\":\"https:\/\/astrosurf-magazine.com\/index.php\/articles\/#webpage\",\"url\":\"https:\/\/astrosurf-magazine.com\/index.php\/articles\/\",\"name\":\"Articles - Astrosurf-Magazine\",\"isPartOf\":{\"@id\":\"https:\/\/astrosurf-magazine.com\/#website\"},\"datePublished\":\"2021-05-01T19:00:32+00:00\",\"dateModified\":\"2021-05-01T19:53:02+00:00\",\"breadcrumb\":{\"@id\":\"https:\/\/astrosurf-magazine.com\/index.php\/articles\/#breadcrumb\"},\"inLanguage\":\"fr-FR\",\"potentialAction\":[{\"@type\":\"ReadAction\",\"target\":[\"https:\/\/astrosurf-magazine.com\/index.php\/articles\/\"]}]},{\"@type\":\"BreadcrumbList\",\"@id\":\"https:\/\/astrosurf-magazine.com\/index.php\/articles\/#breadcrumb\",\"itemListElement\":[{\"@type\":\"ListItem\",\"position\":1,\"name\":\"Accueil\",\"item\":\"https:\/\/astrosurf-magazine.com\/\"},{\"@type\":\"ListItem\",\"position\":2,\"name\":\"Articles\"}]}]}<\/script>\n<!-- \/ Yoast SEO plugin. -->","yoast_head_json":{"title":"Articles - Astrosurf-Magazine","robots":{"index":"index","follow":"follow","max-snippet":"max-snippet:-1","max-image-preview":"max-image-preview:large","max-video-preview":"max-video-preview:-1"},"canonical":"https:\/\/astrosurf-magazine.com\/index.php\/articles\/","og_locale":"fr_FR","og_type":"article","og_title":"Articles - Astrosurf-Magazine","og_description":"[et_pb_section fb_built=&#8221;1&#8243; _builder_version=&#8221;4.9.4&#8243; _module_preset=&#8221;default&#8221;][et_pb_row _builder_version=&#8221;4.9.4&#8243; _module_preset=&#8221;default&#8221;][et_pb_column type=&#8221;4_4&#8243; _builder_version=&#8221;4.9.4&#8243; _module_preset=&#8221;default&#8221;][et_pb_text _builder_version=&#8221;4.9.4&#8243; _module_preset=&#8221;default&#8221; hover_enabled=&#8221;0&#8243; sticky_enabled=&#8221;0&#8243;] Voici quelques articles parus dans Astrosurf-Magazine, qui vous donneront une id\u00e9e du contenu du magazine. De nouveaux articles seront r\u00e9guli\u00e8rement ajout\u00e9s, n&#8217;h\u00e9sitez pas \u00e0 revenir r\u00e9guli\u00e8rement ! [\/et_pb_text][et_pb_blog fullwidth=&#8221;off&#8221; include_categories=&#8221;all&#8221; meta_date=&#8221;j M Y&#8221; excerpt_length=&#8221;120&#8243; show_more=&#8221;on&#8221; show_author=&#8221;off&#8221; show_date=&#8221;off&#8221; _builder_version=&#8221;4.9.4&#8243; _module_preset=&#8221;default&#8221; header_font=&#8221;|700|||||||&#8221; header_text_align=&#8221;left&#8221; header_text_color=&#8221;#ff6600&#8243; [&hellip;]","og_url":"https:\/\/astrosurf-magazine.com\/index.php\/articles\/","og_site_name":"Astrosurf-Magazine","article_publisher":"https:\/\/www.facebook.com\/AstrosurfMagazine","article_modified_time":"2021-05-01T19:53:02+00:00","og_image":[{"width":1000,"height":1029,"filesize":1295865,"url":"https:\/\/astrosurf-magazine.com\/wp-content\/uploads\/2022\/11\/ASM119_MAG003_1000.png","path":"\/home\/sites\/astrosurf-magazine.com\/web\/wp-content\/uploads\/2022\/11\/ASM119_MAG003_1000.png","size":"full","id":3093,"alt":"","pixels":1029000,"type":"image\/png"}],"twitter_card":"summary_large_image","twitter_misc":{"Dur\u00e9e de lecture est.":"1 minute"},"schema":{"@context":"https:\/\/schema.org","@graph":[{"@type":"WebSite","@id":"https:\/\/astrosurf-magazine.com\/#website","url":"https:\/\/astrosurf-magazine.com\/","name":"Astrosurf-Magazine","description":"Le magazine des astronomes amateurs francophones","potentialAction":[{"@type":"SearchAction","target":{"@type":"EntryPoint","urlTemplate":"https:\/\/astrosurf-magazine.com\/?s={search_term_string}"},"query-input":"required name=search_term_string"}],"inLanguage":"fr-FR"},{"@type":"WebPage","@id":"https:\/\/astrosurf-magazine.com\/index.php\/articles\/#webpage","url":"https:\/\/astrosurf-magazine.com\/index.php\/articles\/","name":"Articles - Astrosurf-Magazine","isPartOf":{"@id":"https:\/\/astrosurf-magazine.com\/#website"},"datePublished":"2021-05-01T19:00:32+00:00","dateModified":"2021-05-01T19:53:02+00:00","breadcrumb":{"@id":"https:\/\/astrosurf-magazine.com\/index.php\/articles\/#breadcrumb"},"inLanguage":"fr-FR","potentialAction":[{"@type":"ReadAction","target":["https:\/\/astrosurf-magazine.com\/index.php\/articles\/"]}]},{"@type":"BreadcrumbList","@id":"https:\/\/astrosurf-magazine.com\/index.php\/articles\/#breadcrumb","itemListElement":[{"@type":"ListItem","position":1,"name":"Accueil","item":"https:\/\/astrosurf-magazine.com\/"},{"@type":"ListItem","position":2,"name":"Articles"}]}]}},"_links":{"self":[{"href":"https:\/\/astrosurf-magazine.com\/index.php\/wp-json\/wp\/v2\/pages\/1269"}],"collection":[{"href":"https:\/\/astrosurf-magazine.com\/index.php\/wp-json\/wp\/v2\/pages"}],"about":[{"href":"https:\/\/astrosurf-magazine.com\/index.php\/wp-json\/wp\/v2\/types\/page"}],"author":[{"embeddable":true,"href":"https:\/\/astrosurf-magazine.com\/index.php\/wp-json\/wp\/v2\/users\/1"}],"replies":[{"embeddable":true,"href":"https:\/\/astrosurf-magazine.com\/index.php\/wp-json\/wp\/v2\/comments?post=1269"}],"version-history":[{"count":7,"href":"https:\/\/astrosurf-magazine.com\/index.php\/wp-json\/wp\/v2\/pages\/1269\/revisions"}],"predecessor-version":[{"id":1528,"href":"https:\/\/astrosurf-magazine.com\/index.php\/wp-json\/wp\/v2\/pages\/1269\/revisions\/1528"}],"wp:attachment":[{"href":"https:\/\/astrosurf-magazine.com\/index.php\/wp-json\/wp\/v2\/media?parent=1269"}],"curies":[{"name":"wp","href":"https:\/\/api.w.org\/{rel}","templated":true}]}}