{"id":1532,"date":"2021-05-01T23:51:16","date_gmt":"2021-05-01T21:51:16","guid":{"rendered":"http:\/\/astrosurf-magazine.com\/?page_id=1532"},"modified":"2026-03-23T09:37:18","modified_gmt":"2026-03-23T08:37:18","slug":"accueil","status":"publish","type":"page","link":"https:\/\/astrosurf-magazine.com\/","title":{"rendered":"Accueil"},"content":{"rendered":"<p>[et_pb_section fb_built=&#8221;1&#8243; _builder_version=&#8221;4.9.4&#8243; _module_preset=&#8221;default&#8221; custom_padding=&#8221;||0px|||&#8221;][et_pb_row _builder_version=&#8221;4.9.4&#8243; _module_preset=&#8221;default&#8221;][et_pb_column type=&#8221;4_4&#8243; _builder_version=&#8221;4.9.4&#8243; _module_preset=&#8221;default&#8221;][et_pb_text _builder_version=&#8221;4.9.4&#8243; _module_preset=&#8221;default&#8221; text_font_size=&#8221;16px&#8221;]Astrosurf-Magazine s\u2019adresse \u00e0 tous les astronomes amateurs, du d\u00e9butant au passionn\u00e9, qui pratiquent ou envisagent de pratiquer l\u2019Astronomie.<\/p>\n<p>Observation, construction d\u2019instruments, tests d&#8217;instruments, trucs et astuces, astrophotographie, imagerie num\u00e9rique, tels sont quelques-uns des th\u00e8mes qui sont abord\u00e9s au fil des num\u00e9ros.[\/et_pb_text][\/et_pb_column][\/et_pb_row][\/et_pb_section][et_pb_section fb_built=&#8221;1&#8243; _builder_version=&#8221;4.9.4&#8243; _module_preset=&#8221;default&#8221; custom_padding=&#8221;2px|||||&#8221;][et_pb_row _builder_version=&#8221;4.9.4&#8243; _module_preset=&#8221;default&#8221;][et_pb_column type=&#8221;4_4&#8243; _builder_version=&#8221;4.9.4&#8243; _module_preset=&#8221;default&#8221;][et_pb_text _builder_version=&#8221;4.9.4&#8243; _module_preset=&#8221;default&#8221; text_font_size=&#8221;16px&#8221;]<\/p>\n<p>Le dernier num\u00e9ro paru est le num\u00e9ro 139 Mars\/Avril 2026), qui a \u00e9t\u00e9 envoy\u00e9 aux abonn\u00e9s le 22 d\u00e9cembre dernier.<span style=\"color: #ff0000;\"><\/span><\/p>\n<p>[\/et_pb_text][et_pb_text _builder_version=&#8221;4.9.4&#8243; _module_preset=&#8221;default&#8221;]<\/p>\n<p>Le prochain num\u00e9ro \u00e0 para\u00eetre est le num\u00e9ro 140 (Mai\/Juin 2026) qui sera envoy\u00e9 au abonn\u00e9s vers le 20 Avril 2025.<\/p>\n<p>&nbsp;<\/p>\n<p>[\/et_pb_text][\/et_pb_column][\/et_pb_row][et_pb_row column_structure=&#8221;2_5,3_5&#8243; _builder_version=&#8221;4.9.4&#8243; _module_preset=&#8221;default&#8221;][et_pb_column type=&#8221;2_5&#8243; _builder_version=&#8221;4.9.4&#8243; _module_preset=&#8221;default&#8221;][et_pb_image src=&#8221;https:\/\/astrosurf-magazine.com\/wp-content\/uploads\/2026\/03\/ASM139_MAG003_1000-1.png&#8221; title_text=&#8221;ASM139 MAG003 1000&#8243; show_in_lightbox=&#8221;on&#8221; use_overlay=&#8221;on&#8221; overlay_icon_color=&#8221;#FFFFFF&#8221; hover_overlay_color=&#8221;RGBA(0,0,0,0)&#8221; hover_icon=&#8221;%%51%%&#8221; align=&#8221;center&#8221; _builder_version=&#8221;4.9.4&#8243; _module_preset=&#8221;default&#8221;][\/et_pb_image][\/et_pb_column][et_pb_column type=&#8221;3_5&#8243; _builder_version=&#8221;4.9.4&#8243; _module_preset=&#8221;default&#8221;][et_pb_image src=&#8221;https:\/\/astrosurf-magazine.com\/wp-content\/uploads\/2026\/03\/ASM139_Sommaire_1600.png&#8221; title_text=&#8221;ASM139 Sommaire 1600&#8243; show_in_lightbox=&#8221;on&#8221; use_overlay=&#8221;on&#8221; overlay_icon_color=&#8221;#ff6600&#8243; hover_overlay_color=&#8221;RGBA(0,0,0,0)&#8221; hover_icon=&#8221;%%51%%&#8221; align=&#8221;center&#8221; _builder_version=&#8221;4.9.4&#8243; _module_preset=&#8221;default&#8221; border_width_all=&#8221;1px&#8221; border_color_all=&#8221;#cccccc&#8221; box_shadow_style=&#8221;preset1&#8243;][\/et_pb_image][\/et_pb_column][\/et_pb_row][et_pb_row _builder_version=&#8221;4.9.4&#8243; _module_preset=&#8221;default&#8221;][et_pb_column type=&#8221;4_4&#8243; _builder_version=&#8221;4.9.4&#8243; _module_preset=&#8221;default&#8221;][et_pb_text _builder_version=&#8221;4.9.4&#8243; _module_preset=&#8221;default&#8221;]<\/p>\n<p style=\"text-align: center;\"><span style=\"color: #ff0000;\">Attention&nbsp;<\/span> : le num\u00e9ro 139 est \u00e9puis\u00e9.<br \/>\nIl ne nous reste que quelques exemplaires r\u00e9serv\u00e9s aux souscriptions d&#8217;abonnement.<br \/>\nVous pouvez toutefois le commander \u00e0 l&#8217;unit\u00e9, mais c&#8217;est un exemplaire sous forme de PDF qui sera envoy\u00e9.<\/p>\n<p>[\/et_pb_text][\/et_pb_column][\/et_pb_row][et_pb_row _builder_version=&#8221;4.9.4&#8243; _module_preset=&#8221;default&#8221;][et_pb_column type=&#8221;4_4&#8243; _builder_version=&#8221;4.9.4&#8243; _module_preset=&#8221;default&#8221;][et_pb_wc_add_to_cart product=&#8221;6968&#8243; show_stock=&#8221;off&#8221; _builder_version=&#8221;4.9.4&#8243; _module_preset=&#8221;default&#8221; text_orientation=&#8221;center&#8221;][\/et_pb_wc_add_to_cart][\/et_pb_column][\/et_pb_row][\/et_pb_section][et_pb_section fb_built=&#8221;1&#8243; _builder_version=&#8221;4.9.4&#8243; _module_preset=&#8221;default&#8221;][et_pb_row column_structure=&#8221;1_4,1_4,1_4,1_4&#8243; _builder_version=&#8221;4.9.4&#8243; _module_preset=&#8221;default&#8221;][et_pb_column type=&#8221;1_4&#8243; _builder_version=&#8221;4.9.4&#8243; _module_preset=&#8221;default&#8221;][et_pb_button button_url=&#8221;@ET-DC@eyJkeW5hbWljIjp0cnVlLCJjb250ZW50IjoicG9zdF9saW5rX3VybF9wYWdlIiwic2V0dGluZ3MiOnsicG9zdF9pZCI6IjEyMDAifX0=@&#8221; button_text=&#8221;S&#8217;abonner&#8221; button_alignment=&#8221;center&#8221; _builder_version=&#8221;4.9.4&#8243; _dynamic_attributes=&#8221;button_url&#8221; _module_preset=&#8221;09f18704-3668-4de0-9d34-cfd67f2664d9&#8243; custom_margin=&#8221;|||0px|false|false&#8221; custom_padding=&#8221;|26px||26px|false|true&#8221;][\/et_pb_button][\/et_pb_column][et_pb_column type=&#8221;1_4&#8243; _builder_version=&#8221;4.9.4&#8243; _module_preset=&#8221;default&#8221;][et_pb_button button_url=&#8221;@ET-DC@eyJkeW5hbWljIjp0cnVlLCJjb250ZW50IjoicG9zdF9saW5rX3VybF9wYWdlIiwic2V0dGluZ3MiOnsicG9zdF9pZCI6IjEwNDMifX0=@&#8221; button_text=&#8221;Num\u00e9ros \u00e0 l&#8217;unit\u00e9&#8221; button_alignment=&#8221;center&#8221; _builder_version=&#8221;4.9.4&#8243; _dynamic_attributes=&#8221;button_url&#8221; _module_preset=&#8221;09f18704-3668-4de0-9d34-cfd67f2664d9&#8243; custom_margin=&#8221;|-10px||-10px|false|false&#8221;][\/et_pb_button][\/et_pb_column][et_pb_column type=&#8221;1_4&#8243; _builder_version=&#8221;4.9.4&#8243; _module_preset=&#8221;default&#8221;][et_pb_button button_url=&#8221;@ET-DC@eyJkeW5hbWljIjp0cnVlLCJjb250ZW50IjoicG9zdF9saW5rX3VybF9wYWdlIiwic2V0dGluZ3MiOnsicG9zdF9pZCI6IjEyMzkifX0=@&#8221; button_text=&#8221;C\u00e9d\u00e9roms &#8221; button_alignment=&#8221;center&#8221; _builder_version=&#8221;4.9.4&#8243; _dynamic_attributes=&#8221;button_url&#8221; _module_preset=&#8221;09f18704-3668-4de0-9d34-cfd67f2664d9&#8243; custom_margin=&#8221;|-14px||-14px|false|true&#8221;][\/et_pb_button][\/et_pb_column][et_pb_column type=&#8221;1_4&#8243; _builder_version=&#8221;4.9.4&#8243; _module_preset=&#8221;default&#8221;][et_pb_button button_url=&#8221;@ET-DC@eyJkeW5hbWljIjp0cnVlLCJjb250ZW50IjoicG9zdF9saW5rX3VybF9wYWdlIiwic2V0dGluZ3MiOnsicG9zdF9pZCI6IjEyNjkifX0=@&#8221; button_text=&#8221;Articles offerts&#8221; button_alignment=&#8221;center&#8221; _builder_version=&#8221;4.9.4&#8243; _dynamic_attributes=&#8221;button_url&#8221; _module_preset=&#8221;09f18704-3668-4de0-9d34-cfd67f2664d9&#8243; custom_margin=&#8221;|0px||0px|false|true&#8221;][\/et_pb_button][\/et_pb_column][\/et_pb_row][\/et_pb_section][et_pb_section fb_built=&#8221;1&#8243; _builder_version=&#8221;4.9.4&#8243; _module_preset=&#8221;default&#8221; height=&#8221;100px&#8221;][et_pb_row _builder_version=&#8221;4.9.4&#8243; _module_preset=&#8221;default&#8221;][et_pb_column type=&#8221;4_4&#8243; _builder_version=&#8221;4.9.4&#8243; _module_preset=&#8221;default&#8221;][et_pb_code _builder_version=&#8221;4.9.4&#8243; _module_preset=&#8221;default&#8221;]<script><!-- [et_pb_line_break_holder] -->const urlParams = new URLSearchParams(window.location.search);<!-- [et_pb_line_break_holder] -->const id_source = urlParams.get('id_source');<!-- [et_pb_line_break_holder] -->if (id_source !== null) {<!-- [et_pb_line_break_holder] -->\tdocument.cookie = `id_source=${id_source}; expires=Thu, 01 Jan 2099 00:00:00 UTC; path=\/`;<!-- [et_pb_line_break_holder] -->}<!-- [et_pb_line_break_holder] --><\/script>[\/et_pb_code][\/et_pb_column][\/et_pb_row][\/et_pb_section]<\/p>\n","protected":false},"excerpt":{"rendered":"<p>[et_pb_section fb_built=&#8221;1&#8243; _builder_version=&#8221;4.9.4&#8243; _module_preset=&#8221;default&#8221; custom_padding=&#8221;||0px|||&#8221;][et_pb_row _builder_version=&#8221;4.9.4&#8243; _module_preset=&#8221;default&#8221;][et_pb_column type=&#8221;4_4&#8243; _builder_version=&#8221;4.9.4&#8243; _module_preset=&#8221;default&#8221;][et_pb_text _builder_version=&#8221;4.9.4&#8243; _module_preset=&#8221;default&#8221; text_font_size=&#8221;16px&#8221;]Astrosurf-Magazine s\u2019adresse \u00e0 tous les astronomes amateurs, du d\u00e9butant au passionn\u00e9, qui pratiquent ou envisagent de pratiquer l\u2019Astronomie. Observation, construction d\u2019instruments, tests d&#8217;instruments, trucs et astuces, astrophotographie, imagerie num\u00e9rique, tels sont quelques-uns des th\u00e8mes qui sont abord\u00e9s au fil des num\u00e9ros.[\/et_pb_text][\/et_pb_column][\/et_pb_row][\/et_pb_section][et_pb_section fb_built=&#8221;1&#8243; _builder_version=&#8221;4.9.4&#8243; [&hellip;]<\/p>\n","protected":false},"author":1,"featured_media":2433,"parent":0,"menu_order":0,"comment_status":"closed","ping_status":"closed","template":"","meta":{"_et_pb_use_builder":"on","_et_pb_old_content":"","_et_gb_content_width":""},"yoast_head":"<!-- This site is optimized with the Yoast SEO plugin v17.1 - https:\/\/yoast.com\/wordpress\/plugins\/seo\/ -->\n<title>Astrosurf-Magazine<\/title>\n<meta name=\"description\" content=\"Le magazine francophone 100% d\u00e9di\u00e9 \u00e0 la pratique de l&#039;astronomie.\" \/>\n<meta name=\"robots\" content=\"index, follow, max-snippet:-1, max-image-preview:large, max-video-preview:-1\" \/>\n<link rel=\"canonical\" href=\"https:\/\/astrosurf-magazine.com\/\" \/>\n<meta property=\"og:locale\" content=\"fr_FR\" \/>\n<meta property=\"og:type\" content=\"article\" \/>\n<meta property=\"og:title\" content=\"Astrosurf-Magazine N\u00b0139\" \/>\n<meta property=\"og:description\" content=\"Le magazine 100% d\u00e9di\u00e9 \u00e0 la pratique de l&#039;Astronomie.\" \/>\n<meta property=\"og:url\" content=\"https:\/\/astrosurf-magazine.com\/\" \/>\n<meta property=\"og:site_name\" content=\"Astrosurf-Magazine\" \/>\n<meta property=\"article:publisher\" content=\"https:\/\/www.facebook.com\/AstrosurfMagazine\" \/>\n<meta property=\"article:modified_time\" content=\"2026-03-23T08:37:18+00:00\" \/>\n<meta property=\"og:image\" content=\"https:\/\/astrosurf-magazine.com\/wp-content\/uploads\/2026\/03\/ASM139_MAG003_1000.png\" \/>\n\t<meta property=\"og:image:width\" content=\"1000\" \/>\n\t<meta property=\"og:image:height\" content=\"1029\" \/>\n<meta name=\"twitter:card\" content=\"summary_large_image\" \/>\n<meta name=\"twitter:title\" content=\"Astrosurf-Magazine N\u00b0139\" \/>\n<meta name=\"twitter:description\" content=\"Le magazine des astronomes amateurs francophones\" \/>\n<meta name=\"twitter:image\" content=\"https:\/\/astrosurf-magazine.com\/wp-content\/uploads\/2026\/03\/ASM139_MAG003_1000.png\" \/>\n<meta name=\"twitter:label1\" content=\"Dur\u00e9e de lecture est.\" \/>\n\t<meta name=\"twitter:data1\" content=\"2 minutes\" \/>\n<script type=\"application\/ld+json\" class=\"yoast-schema-graph\">{\"@context\":\"https:\/\/schema.org\",\"@graph\":[{\"@type\":\"WebSite\",\"@id\":\"https:\/\/astrosurf-magazine.com\/#website\",\"url\":\"https:\/\/astrosurf-magazine.com\/\",\"name\":\"Astrosurf-Magazine\",\"description\":\"Le magazine des astronomes amateurs francophones\",\"potentialAction\":[{\"@type\":\"SearchAction\",\"target\":{\"@type\":\"EntryPoint\",\"urlTemplate\":\"https:\/\/astrosurf-magazine.com\/?s={search_term_string}\"},\"query-input\":\"required name=search_term_string\"}],\"inLanguage\":\"fr-FR\"},{\"@type\":\"ImageObject\",\"@id\":\"https:\/\/astrosurf-magazine.com\/#primaryimage\",\"inLanguage\":\"fr-FR\",\"url\":\"https:\/\/astrosurf-magazine.com\/wp-content\/uploads\/2026\/03\/ASM139_MAG003_1000.png\",\"contentUrl\":\"https:\/\/astrosurf-magazine.com\/wp-content\/uploads\/2026\/03\/ASM139_MAG003_1000.png\",\"width\":1000,\"height\":1029},{\"@type\":\"WebPage\",\"@id\":\"https:\/\/astrosurf-magazine.com\/#webpage\",\"url\":\"https:\/\/astrosurf-magazine.com\/\",\"name\":\"Astrosurf-Magazine\",\"isPartOf\":{\"@id\":\"https:\/\/astrosurf-magazine.com\/#website\"},\"primaryImageOfPage\":{\"@id\":\"https:\/\/astrosurf-magazine.com\/#primaryimage\"},\"datePublished\":\"2021-05-01T21:51:16+00:00\",\"dateModified\":\"2026-03-23T08:37:18+00:00\",\"description\":\"Le magazine francophone 100% d\\u00e9di\\u00e9 \\u00e0 la pratique de l'astronomie.\",\"breadcrumb\":{\"@id\":\"https:\/\/astrosurf-magazine.com\/#breadcrumb\"},\"inLanguage\":\"fr-FR\",\"potentialAction\":[{\"@type\":\"ReadAction\",\"target\":[\"https:\/\/astrosurf-magazine.com\/\"]}]},{\"@type\":\"BreadcrumbList\",\"@id\":\"https:\/\/astrosurf-magazine.com\/#breadcrumb\",\"itemListElement\":[{\"@type\":\"ListItem\",\"position\":1,\"name\":\"Accueil\",\"item\":\"https:\/\/astrosurf-magazine.com\/\"},{\"@type\":\"ListItem\",\"position\":2,\"name\":\"Accueil\"}]}]}<\/script>\n<!-- \/ Yoast SEO plugin. -->","yoast_head_json":{"title":"Astrosurf-Magazine","description":"Le magazine francophone 100% d\u00e9di\u00e9 \u00e0 la pratique de l'astronomie.","robots":{"index":"index","follow":"follow","max-snippet":"max-snippet:-1","max-image-preview":"max-image-preview:large","max-video-preview":"max-video-preview:-1"},"canonical":"https:\/\/astrosurf-magazine.com\/","og_locale":"fr_FR","og_type":"article","og_title":"Astrosurf-Magazine N\u00b0139","og_description":"Le magazine 100% d\u00e9di\u00e9 \u00e0 la pratique de l'Astronomie.","og_url":"https:\/\/astrosurf-magazine.com\/","og_site_name":"Astrosurf-Magazine","article_publisher":"https:\/\/www.facebook.com\/AstrosurfMagazine","article_modified_time":"2026-03-23T08:37:18+00:00","og_image":[{"width":1000,"height":1029,"filesize":1356643,"url":"https:\/\/astrosurf-magazine.com\/wp-content\/uploads\/2026\/03\/ASM139_MAG003_1000.png","path":"\/home\/sites\/astrosurf-magazine.com\/web\/wp-content\/uploads\/2026\/03\/ASM139_MAG003_1000.png","size":"full","id":"6970","alt":"","pixels":1029000,"type":"image\/png"}],"twitter_card":"summary_large_image","twitter_title":"Astrosurf-Magazine N\u00b0139","twitter_description":"Le magazine des astronomes amateurs francophones","twitter_image":"https:\/\/astrosurf-magazine.com\/wp-content\/uploads\/2026\/03\/ASM139_MAG003_1000.png","twitter_misc":{"Dur\u00e9e de lecture est.":"2 minutes"},"schema":{"@context":"https:\/\/schema.org","@graph":[{"@type":"WebSite","@id":"https:\/\/astrosurf-magazine.com\/#website","url":"https:\/\/astrosurf-magazine.com\/","name":"Astrosurf-Magazine","description":"Le magazine des astronomes amateurs francophones","potentialAction":[{"@type":"SearchAction","target":{"@type":"EntryPoint","urlTemplate":"https:\/\/astrosurf-magazine.com\/?s={search_term_string}"},"query-input":"required name=search_term_string"}],"inLanguage":"fr-FR"},{"@type":"ImageObject","@id":"https:\/\/astrosurf-magazine.com\/#primaryimage","inLanguage":"fr-FR","url":"https:\/\/astrosurf-magazine.com\/wp-content\/uploads\/2026\/03\/ASM139_MAG003_1000.png","contentUrl":"https:\/\/astrosurf-magazine.com\/wp-content\/uploads\/2026\/03\/ASM139_MAG003_1000.png","width":1000,"height":1029},{"@type":"WebPage","@id":"https:\/\/astrosurf-magazine.com\/#webpage","url":"https:\/\/astrosurf-magazine.com\/","name":"Astrosurf-Magazine","isPartOf":{"@id":"https:\/\/astrosurf-magazine.com\/#website"},"primaryImageOfPage":{"@id":"https:\/\/astrosurf-magazine.com\/#primaryimage"},"datePublished":"2021-05-01T21:51:16+00:00","dateModified":"2026-03-23T08:37:18+00:00","description":"Le magazine francophone 100% d\u00e9di\u00e9 \u00e0 la pratique de l'astronomie.","breadcrumb":{"@id":"https:\/\/astrosurf-magazine.com\/#breadcrumb"},"inLanguage":"fr-FR","potentialAction":[{"@type":"ReadAction","target":["https:\/\/astrosurf-magazine.com\/"]}]},{"@type":"BreadcrumbList","@id":"https:\/\/astrosurf-magazine.com\/#breadcrumb","itemListElement":[{"@type":"ListItem","position":1,"name":"Accueil","item":"https:\/\/astrosurf-magazine.com\/"},{"@type":"ListItem","position":2,"name":"Accueil"}]}]}},"_links":{"self":[{"href":"https:\/\/astrosurf-magazine.com\/index.php\/wp-json\/wp\/v2\/pages\/1532"}],"collection":[{"href":"https:\/\/astrosurf-magazine.com\/index.php\/wp-json\/wp\/v2\/pages"}],"about":[{"href":"https:\/\/astrosurf-magazine.com\/index.php\/wp-json\/wp\/v2\/types\/page"}],"author":[{"embeddable":true,"href":"https:\/\/astrosurf-magazine.com\/index.php\/wp-json\/wp\/v2\/users\/1"}],"replies":[{"embeddable":true,"href":"https:\/\/astrosurf-magazine.com\/index.php\/wp-json\/wp\/v2\/comments?post=1532"}],"version-history":[{"count":87,"href":"https:\/\/astrosurf-magazine.com\/index.php\/wp-json\/wp\/v2\/pages\/1532\/revisions"}],"predecessor-version":[{"id":6983,"href":"https:\/\/astrosurf-magazine.com\/index.php\/wp-json\/wp\/v2\/pages\/1532\/revisions\/6983"}],"wp:featuredmedia":[{"embeddable":true,"href":"https:\/\/astrosurf-magazine.com\/index.php\/wp-json\/wp\/v2\/media\/2433"}],"wp:attachment":[{"href":"https:\/\/astrosurf-magazine.com\/index.php\/wp-json\/wp\/v2\/media?parent=1532"}],"curies":[{"name":"wp","href":"https:\/\/api.w.org\/{rel}","templated":true}]}}