{"id":1551,"date":"2021-05-02T15:21:30","date_gmt":"2021-05-02T13:21:30","guid":{"rendered":"http:\/\/astrosurf-magazine.com\/?page_id=1551"},"modified":"2022-01-03T23:57:20","modified_gmt":"2022-01-03T22:57:20","slug":"equipe","status":"publish","type":"page","link":"https:\/\/astrosurf-magazine.com\/index.php\/equipe\/","title":{"rendered":"Equipe"},"content":{"rendered":"<p>[et_pb_section fb_built=&#8221;1&#8243; _builder_version=&#8221;4.9.4&#8243; _module_preset=&#8221;default&#8221;][et_pb_row _builder_version=&#8221;4.9.4&#8243; _module_preset=&#8221;default&#8221;][et_pb_column type=&#8221;4_4&#8243; _builder_version=&#8221;4.9.4&#8243; _module_preset=&#8221;default&#8221;][et_pb_text _builder_version=&#8221;4.9.4&#8243; _module_preset=&#8221;default&#8221;]<\/p>\n<p>Astrosurf-Magazine est une revue r\u00e9alis\u00e9e par des amateurs, pour des amateurs. L&#8217;\u00e9quipe de r\u00e9daction est constitu\u00e9 d\u2019astronomes amateurs reconnus dans leurs domaines d\u2019intervention, avec en particulier :<\/p>\n<p>&#8211; <strong>Christophe Pellier<\/strong> (Astrophotographie plan\u00e9taire)<br \/>&#8211; <strong>Christophe Leh\u00e9naff<\/strong> (Tests intruments),<br \/>&#8211; <strong>Alexandre Renou<\/strong> (Observation ciel profond &#8211; visuel),<br \/>&#8211; <strong>Sophie Planchard<\/strong> (Observation ciel profond),<br \/>&#8211; <strong>Michel Deconinck<\/strong> (Observation ciel profond),<br \/>&#8211; <strong>Yann Pothier<\/strong> (Observation ciel profond),<br \/>&#8211; <strong>Jean-Baptiste Feldmann<\/strong> (Astrophotographie),<br \/>&#8211; <strong>Eric Tinlot<\/strong> (Com\u00e8tes),<br \/>&#8211; <strong>Karl Antier<\/strong> (Activit\u00e9 m\u00e9t\u00e9orique),<br \/>&#8211; <strong>Raymond Sadin<\/strong> (Lune),<br \/>&#8211; <strong>Christian Legrand<\/strong> (Lune et plan\u00e8tes),<br \/>&#8211; <strong>Nicolas Dupont-Bloch<\/strong> (Lune),<br \/>&#8211; <strong>Jean-Fran\u00e7ois Courtot<\/strong> (Livres),<br \/>&#8211; <strong>Jean-Marc Lecleire <\/strong>(Tests intruments),<br \/>&#8211; <strong>Christian Dupriez<\/strong> (Astrophotographie),<br \/>&#8211; <strong>Fabrice Morat<\/strong> (Observation ciel profond &#8211; visuel),<br \/>&#8211; <strong>Christian Sanchez<\/strong> (Eph\u00e9m\u00e9rides),<br \/>&#8211; <strong>Serge Bertorello<\/strong> (Techniques Instrumentales et Observation),<br \/>&#8211; <strong>Maic\u00e9 Pr\u00e9vost<\/strong> (Relecture),<br \/>&#8211; <strong>Marie Bignone<\/strong> (Relecture),<br \/>&#8211; <strong>Marie-H\u00e9l\u00e8ne Desmoineaux<\/strong> (Relecture),<br \/>&#8211; <strong>Jean-Philippe Cazard<\/strong> (Directeur de publication &#8211; mise en page de la revue).<\/p>\n<p>Et bien d&#8217;autres &#8230;<br \/>Vous souhaitez participer \u00e0 l&#8217;aventure ?<br \/>Vous avez des comp\u00e9tences dans un domaine li\u00e9 \u00e0 la pratique de l&#8217;astronomie ?<br \/>&#8230; alors n&#8217;h\u00e9sitez pas \u00e0 nous rejoindre : <strong><span style=\"text-decoration: underline;\"><a href=\"\/index.php\/contact\/\">contactez-nous<\/a><\/span><\/strong><\/p>\n<h1>Editeur<\/h1>\n<p>Astrosurf-Magazine est \u00e9dit\u00e9 par la soci\u00e9t\u00e9 Axilone Multim\u00e9dia, sous le num\u00e9ro de commission paritaire 2025K83637.<\/p>\n<div align=\"center\">\n<p><strong>AXILONE Multim\u00e9dia<\/strong><br \/><strong>5, all\u00e9e du Bosc &#8211; 31470 Saint-Lys<\/strong><\/p>\n<p>email : <a href=\"mailto:magazine@astrosurf.com\">magazine@astrosurf.com<\/a><\/p>\n<\/div>\n<p align=\"center\">\n<p>[\/et_pb_text][\/et_pb_column][\/et_pb_row][\/et_pb_section]<\/p>\n","protected":false},"excerpt":{"rendered":"<p>[et_pb_section fb_built=&#8221;1&#8243; _builder_version=&#8221;4.9.4&#8243; _module_preset=&#8221;default&#8221;][et_pb_row _builder_version=&#8221;4.9.4&#8243; _module_preset=&#8221;default&#8221;][et_pb_column type=&#8221;4_4&#8243; _builder_version=&#8221;4.9.4&#8243; _module_preset=&#8221;default&#8221;][et_pb_text _builder_version=&#8221;4.9.4&#8243; _module_preset=&#8221;default&#8221;] Astrosurf-Magazine est une revue r\u00e9alis\u00e9e par des amateurs, pour des amateurs. L&#8217;\u00e9quipe de r\u00e9daction est constitu\u00e9 d\u2019astronomes amateurs reconnus dans leurs domaines d\u2019intervention, avec en particulier : &#8211; Christophe Pellier (Astrophotographie plan\u00e9taire)&#8211; Christophe Leh\u00e9naff (Tests intruments),&#8211; Alexandre Renou (Observation ciel profond &#8211; visuel),&#8211; Sophie [&hellip;]<\/p>\n","protected":false},"author":1,"featured_media":0,"parent":0,"menu_order":0,"comment_status":"closed","ping_status":"closed","template":"","meta":{"_et_pb_use_builder":"on","_et_pb_old_content":"","_et_gb_content_width":""},"yoast_head":"<!-- This site is optimized with the Yoast SEO plugin v17.1 - https:\/\/yoast.com\/wordpress\/plugins\/seo\/ -->\n<title>Equipe - Astrosurf-Magazine<\/title>\n<meta name=\"robots\" content=\"index, follow, max-snippet:-1, max-image-preview:large, max-video-preview:-1\" \/>\n<link rel=\"canonical\" href=\"https:\/\/astrosurf-magazine.com\/index.php\/equipe\/\" \/>\n<meta property=\"og:locale\" content=\"fr_FR\" \/>\n<meta property=\"og:type\" content=\"article\" \/>\n<meta property=\"og:title\" content=\"Equipe - Astrosurf-Magazine\" \/>\n<meta property=\"og:description\" content=\"[et_pb_section fb_built=&#8221;1&#8243; _builder_version=&#8221;4.9.4&#8243; _module_preset=&#8221;default&#8221;][et_pb_row _builder_version=&#8221;4.9.4&#8243; _module_preset=&#8221;default&#8221;][et_pb_column type=&#8221;4_4&#8243; _builder_version=&#8221;4.9.4&#8243; _module_preset=&#8221;default&#8221;][et_pb_text _builder_version=&#8221;4.9.4&#8243; _module_preset=&#8221;default&#8221;] Astrosurf-Magazine est une revue r\u00e9alis\u00e9e par des amateurs, pour des amateurs. L&#8217;\u00e9quipe de r\u00e9daction est constitu\u00e9 d\u2019astronomes amateurs reconnus dans leurs domaines d\u2019intervention, avec en particulier : &#8211; Christophe Pellier (Astrophotographie plan\u00e9taire)&#8211; Christophe Leh\u00e9naff (Tests intruments),&#8211; Alexandre Renou (Observation ciel profond &#8211; visuel),&#8211; Sophie [&hellip;]\" \/>\n<meta property=\"og:url\" content=\"https:\/\/astrosurf-magazine.com\/index.php\/equipe\/\" \/>\n<meta property=\"og:site_name\" content=\"Astrosurf-Magazine\" \/>\n<meta property=\"article:publisher\" content=\"https:\/\/www.facebook.com\/AstrosurfMagazine\" \/>\n<meta property=\"article:modified_time\" content=\"2022-01-03T22:57:20+00:00\" \/>\n<meta property=\"og:image\" content=\"https:\/\/astrosurf-magazine.com\/wp-content\/uploads\/2022\/11\/ASM119_MAG003_1000.png\" \/>\n\t<meta property=\"og:image:width\" content=\"1000\" \/>\n\t<meta property=\"og:image:height\" content=\"1029\" \/>\n<meta name=\"twitter:card\" content=\"summary_large_image\" \/>\n<meta name=\"twitter:label1\" content=\"Dur\u00e9e de lecture est.\" \/>\n\t<meta name=\"twitter:data1\" content=\"1 minute\" \/>\n<script type=\"application\/ld+json\" class=\"yoast-schema-graph\">{\"@context\":\"https:\/\/schema.org\",\"@graph\":[{\"@type\":\"WebSite\",\"@id\":\"https:\/\/astrosurf-magazine.com\/#website\",\"url\":\"https:\/\/astrosurf-magazine.com\/\",\"name\":\"Astrosurf-Magazine\",\"description\":\"Le magazine des astronomes amateurs francophones\",\"potentialAction\":[{\"@type\":\"SearchAction\",\"target\":{\"@type\":\"EntryPoint\",\"urlTemplate\":\"https:\/\/astrosurf-magazine.com\/?s={search_term_string}\"},\"query-input\":\"required name=search_term_string\"}],\"inLanguage\":\"fr-FR\"},{\"@type\":\"WebPage\",\"@id\":\"https:\/\/astrosurf-magazine.com\/index.php\/equipe\/#webpage\",\"url\":\"https:\/\/astrosurf-magazine.com\/index.php\/equipe\/\",\"name\":\"Equipe - Astrosurf-Magazine\",\"isPartOf\":{\"@id\":\"https:\/\/astrosurf-magazine.com\/#website\"},\"datePublished\":\"2021-05-02T13:21:30+00:00\",\"dateModified\":\"2022-01-03T22:57:20+00:00\",\"breadcrumb\":{\"@id\":\"https:\/\/astrosurf-magazine.com\/index.php\/equipe\/#breadcrumb\"},\"inLanguage\":\"fr-FR\",\"potentialAction\":[{\"@type\":\"ReadAction\",\"target\":[\"https:\/\/astrosurf-magazine.com\/index.php\/equipe\/\"]}]},{\"@type\":\"BreadcrumbList\",\"@id\":\"https:\/\/astrosurf-magazine.com\/index.php\/equipe\/#breadcrumb\",\"itemListElement\":[{\"@type\":\"ListItem\",\"position\":1,\"name\":\"Accueil\",\"item\":\"https:\/\/astrosurf-magazine.com\/\"},{\"@type\":\"ListItem\",\"position\":2,\"name\":\"Equipe\"}]}]}<\/script>\n<!-- \/ Yoast SEO plugin. -->","yoast_head_json":{"title":"Equipe - Astrosurf-Magazine","robots":{"index":"index","follow":"follow","max-snippet":"max-snippet:-1","max-image-preview":"max-image-preview:large","max-video-preview":"max-video-preview:-1"},"canonical":"https:\/\/astrosurf-magazine.com\/index.php\/equipe\/","og_locale":"fr_FR","og_type":"article","og_title":"Equipe - Astrosurf-Magazine","og_description":"[et_pb_section fb_built=&#8221;1&#8243; _builder_version=&#8221;4.9.4&#8243; _module_preset=&#8221;default&#8221;][et_pb_row _builder_version=&#8221;4.9.4&#8243; _module_preset=&#8221;default&#8221;][et_pb_column type=&#8221;4_4&#8243; _builder_version=&#8221;4.9.4&#8243; _module_preset=&#8221;default&#8221;][et_pb_text _builder_version=&#8221;4.9.4&#8243; _module_preset=&#8221;default&#8221;] Astrosurf-Magazine est une revue r\u00e9alis\u00e9e par des amateurs, pour des amateurs. L&#8217;\u00e9quipe de r\u00e9daction est constitu\u00e9 d\u2019astronomes amateurs reconnus dans leurs domaines d\u2019intervention, avec en particulier : &#8211; Christophe Pellier (Astrophotographie plan\u00e9taire)&#8211; Christophe Leh\u00e9naff (Tests intruments),&#8211; Alexandre Renou (Observation ciel profond &#8211; visuel),&#8211; Sophie [&hellip;]","og_url":"https:\/\/astrosurf-magazine.com\/index.php\/equipe\/","og_site_name":"Astrosurf-Magazine","article_publisher":"https:\/\/www.facebook.com\/AstrosurfMagazine","article_modified_time":"2022-01-03T22:57:20+00:00","og_image":[{"width":1000,"height":1029,"filesize":1295865,"url":"https:\/\/astrosurf-magazine.com\/wp-content\/uploads\/2022\/11\/ASM119_MAG003_1000.png","path":"\/home\/sites\/astrosurf-magazine.com\/web\/wp-content\/uploads\/2022\/11\/ASM119_MAG003_1000.png","size":"full","id":3093,"alt":"","pixels":1029000,"type":"image\/png"}],"twitter_card":"summary_large_image","twitter_misc":{"Dur\u00e9e de lecture est.":"1 minute"},"schema":{"@context":"https:\/\/schema.org","@graph":[{"@type":"WebSite","@id":"https:\/\/astrosurf-magazine.com\/#website","url":"https:\/\/astrosurf-magazine.com\/","name":"Astrosurf-Magazine","description":"Le magazine des astronomes amateurs francophones","potentialAction":[{"@type":"SearchAction","target":{"@type":"EntryPoint","urlTemplate":"https:\/\/astrosurf-magazine.com\/?s={search_term_string}"},"query-input":"required name=search_term_string"}],"inLanguage":"fr-FR"},{"@type":"WebPage","@id":"https:\/\/astrosurf-magazine.com\/index.php\/equipe\/#webpage","url":"https:\/\/astrosurf-magazine.com\/index.php\/equipe\/","name":"Equipe - Astrosurf-Magazine","isPartOf":{"@id":"https:\/\/astrosurf-magazine.com\/#website"},"datePublished":"2021-05-02T13:21:30+00:00","dateModified":"2022-01-03T22:57:20+00:00","breadcrumb":{"@id":"https:\/\/astrosurf-magazine.com\/index.php\/equipe\/#breadcrumb"},"inLanguage":"fr-FR","potentialAction":[{"@type":"ReadAction","target":["https:\/\/astrosurf-magazine.com\/index.php\/equipe\/"]}]},{"@type":"BreadcrumbList","@id":"https:\/\/astrosurf-magazine.com\/index.php\/equipe\/#breadcrumb","itemListElement":[{"@type":"ListItem","position":1,"name":"Accueil","item":"https:\/\/astrosurf-magazine.com\/"},{"@type":"ListItem","position":2,"name":"Equipe"}]}]}},"_links":{"self":[{"href":"https:\/\/astrosurf-magazine.com\/index.php\/wp-json\/wp\/v2\/pages\/1551"}],"collection":[{"href":"https:\/\/astrosurf-magazine.com\/index.php\/wp-json\/wp\/v2\/pages"}],"about":[{"href":"https:\/\/astrosurf-magazine.com\/index.php\/wp-json\/wp\/v2\/types\/page"}],"author":[{"embeddable":true,"href":"https:\/\/astrosurf-magazine.com\/index.php\/wp-json\/wp\/v2\/users\/1"}],"replies":[{"embeddable":true,"href":"https:\/\/astrosurf-magazine.com\/index.php\/wp-json\/wp\/v2\/comments?post=1551"}],"version-history":[{"count":7,"href":"https:\/\/astrosurf-magazine.com\/index.php\/wp-json\/wp\/v2\/pages\/1551\/revisions"}],"predecessor-version":[{"id":2431,"href":"https:\/\/astrosurf-magazine.com\/index.php\/wp-json\/wp\/v2\/pages\/1551\/revisions\/2431"}],"wp:attachment":[{"href":"https:\/\/astrosurf-magazine.com\/index.php\/wp-json\/wp\/v2\/media?parent=1551"}],"curies":[{"name":"wp","href":"https:\/\/api.w.org\/{rel}","templated":true}]}}