{"id":5418,"date":"2024-11-05T11:58:29","date_gmt":"2024-11-05T10:58:29","guid":{"rendered":"https:\/\/astrosurf-magazine.com\/?post_type=product&#038;p=5418"},"modified":"2024-11-05T17:03:58","modified_gmt":"2024-11-05T16:03:58","slug":"astrophotographie430-pages","status":"publish","type":"product","link":"https:\/\/astrosurf-magazine.com\/index.php\/product\/astrophotographie430-pages\/","title":{"rendered":"Astrophoto<br>430 pages"},"content":{"rendered":"<p>[et_pb_section fb_built=&#8221;1&#8243; _builder_version=&#8221;3.22&#8243; background_color=&#8221;rgba(255, 255, 255, 0)&#8221; custom_padding=&#8221;0px||||false|false&#8221;][et_pb_row _builder_version=&#8221;3.25&#8243; background_size=&#8221;initial&#8221; background_position=&#8221;top_left&#8221; background_repeat=&#8221;repeat&#8221; width=&#8221;100%&#8221; custom_padding=&#8221;0px||0px||false|false&#8221;][et_pb_column type=&#8221;4_4&#8243; _builder_version=&#8221;3.25&#8243; custom_padding=&#8221;|||&#8221; custom_padding__hover=&#8221;|||&#8221;][et_pb_wc_breadcrumb _builder_version=&#8221;3.0.47&#8243;][\/et_pb_wc_breadcrumb][et_pb_wc_cart_notice _builder_version=&#8221;3.0.47&#8243;][\/et_pb_wc_cart_notice][\/et_pb_column][\/et_pb_row][et_pb_row column_structure=&#8221;1_2,1_2&#8243; _builder_version=&#8221;3.25&#8243; background_size=&#8221;initial&#8221; background_position=&#8221;top_left&#8221; background_repeat=&#8221;repeat&#8221; width=&#8221;100%&#8221; custom_padding=&#8221;0px||||false|false&#8221;][et_pb_column type=&#8221;1_2&#8243; _builder_version=&#8221;3.25&#8243; custom_padding=&#8221;|||&#8221; custom_padding__hover=&#8221;|||&#8221;][et_pb_wc_images _builder_version=&#8221;3.0.47&#8243;][\/et_pb_wc_images][\/et_pb_column][et_pb_column type=&#8221;1_2&#8243; _builder_version=&#8221;3.25&#8243; custom_padding=&#8221;|||&#8221; custom_padding__hover=&#8221;|||&#8221;][et_pb_wc_title _builder_version=&#8221;3.0.47&#8243;][\/et_pb_wc_title][et_pb_wc_rating _builder_version=&#8221;3.0.47&#8243;][\/et_pb_wc_rating][et_pb_wc_price _builder_version=&#8221;3.0.47&#8243;][\/et_pb_wc_price][et_pb_wc_description _builder_version=&#8221;3.0.47&#8243;][\/et_pb_wc_description][et_pb_wc_add_to_cart _builder_version=&#8221;3.0.47&#8243;][\/et_pb_wc_add_to_cart][et_pb_wc_meta _builder_version=&#8221;3.0.47&#8243;][\/et_pb_wc_meta][\/et_pb_column][\/et_pb_row][et_pb_row _builder_version=&#8221;3.25&#8243; background_size=&#8221;initial&#8221; background_position=&#8221;top_left&#8221; background_repeat=&#8221;repeat&#8221; width=&#8221;100%&#8221;][et_pb_column type=&#8221;4_4&#8243; _builder_version=&#8221;3.25&#8243; custom_padding=&#8221;|||&#8221; custom_padding__hover=&#8221;|||&#8221;][et_pb_wc_tabs _builder_version=&#8221;3.0.47&#8243;]\t\t\t\t\t[\/et_pb_wc_tabs][et_pb_wc_upsells columns_number=&#8221;3&#8243; _builder_version=&#8221;3.0.47&#8243;][\/et_pb_wc_upsells][et_pb_wc_related_products columns_number=&#8221;3&#8243; _builder_version=&#8221;3.0.47&#8243;][\/et_pb_wc_related_products][\/et_pb_column][\/et_pb_row][\/et_pb_section]<\/p>\n","protected":false},"excerpt":{"rendered":"<p>Compilation de 123 articles (430 pages) consacr\u00e9s \u00e0 l&#8217;astrophotographie du ciel profond parus dans les num\u00e9ros 1 \u00e0 124 d&#8217;Astrosurf-Magazine.<br \/>\nLes articles sont au format PDF.<\/p>\n","protected":false},"featured_media":5419,"template":"","meta":{"_et_pb_use_builder":"on","_et_pb_old_content":"Compilation de 123 articles (430 pages) consacr\u00e9s \u00e0 l'astrophotographie du ciel profond parus dans les num\u00e9ros 1 \u00e0 124 d'Astrosurf-Magazine.\r\nLes articles sont au format PDF.\r\n\r\n<strong>Au sommaire :\r\n<\/strong>\r\n\r\nA la recherche du visage cach\u00e9 de Hoinga\r\nAPN Focus - La mise au point sans douleur\r\nAstronomie au lac du Der !\r\nCCD-Guide - Planification des observations pour les astrophotographes\r\nCCDCommander - Gestion programmable et automatis\u00e9s de l\u2019acquisition d\u2019images\r\nCapturer l\u2019ISS au vol\r\nCatalogue photo - Les saisons du NGC\r\nChasse aux amas globulaires dans M104\r\nCiel profond - Le XV de Palomar\r\nCiel profond en milieu urbain\r\nCiel spectaculaire - Les Dentelles du Cygne\r\nComparaison photo argentique et photo num\u00e9rique\r\nConjonction M27 - ISS\r\nD'un nocturne aux couleurs c\u00e9lestes\r\nDe StDr objet 32 \u00e0 Sainty 1\r\nDe la Trompe de C\u00e9ph\u00e9e aux dentelles du Cygne d\u2019automne sur le mont Loz\u00e8re\r\nDes floncons dans le ciel d'automne\r\nDes galaxies \u00e0 la cha\u00eene\r\nDes nuits enti\u00e8res sous la Voie lact\u00e9e\r\nDestination Troms\u00f8\r\nDu visuel au num\u00e9rique - Y'a pas photo !\r\nD\u00e9couverte de la n\u00e9buleuse plan\u00e9taire lD\u00fb 1\r\nFace \u00e0 face - Dessin et photographie\r\nHistoire d\u2019une photographie du ciel\r\nIC 1848\r\nIC 2177, vue par St\u00e9phane Guisard et Thierry Demange\r\nIC 5068, quand le Cosmos se met \u00e0 l'art moderne\r\nIC1848 imag\u00e9 en mode automatique\r\nIC59 et 63 par F. Lambert\r\nL'incroyable histoire d'une n\u00e9buleuse com\u00e9taire\r\nLa maison de C\u00e9ph\u00e9e, une demeure bien poussi\u00e9reuse !\r\nLa n\u00e9buleuse du Calamar\r\nLa n\u00e9buleuse plan\u00e9taire NGC 6894\r\nLe champ du Cygne\r\nLes bulles de Wolf-Rayet\r\nLes grandes n\u00e9buleuses plan\u00e9taires\r\nLes joyaux de C\u00e9ph\u00e9e\r\nL\u2019Hyperstar de Starizona \u00e0 l\u2019usage\r\nM 51 au foyer primaire du 1 m C2PU\r\nMac Naught extr\u00eame\r\nNGC 1333 vu par Thierry Demange\r\nNGC 205 comme vous ne l'avez jamais vue...\r\nNGC 5907 \u2026 la boucle est boucl\u00e9e\r\nNGC 772 vue par Serge Petiot\r\nNGC 7814 vue par Marc Jousset\r\nNGC7293 par F. Lambert\r\nN\u00e9buleuse plan\u00e9taire, LD\u00fb2 est n\u00e9e\r\nN\u00e9buleuses beaut\u00e9es\r\nN\u00e9buleuses plan\u00e9taires des 4 saisons\r\nPanorama austral, de la Croix du Sud \u00e0 la Car\u00e8ne\r\nPhotographie stellaire \u00e0 grand champ\r\nPourquoi j'aime les mosa\u00efques\r\nPremi\u00e8re photo d\u2019une naine brune par un amateur\r\nSN 1181, deux amateurs \u00e0 l'honneur\r\nSupernovae, avis de recherches\r\nT\u00eates de cheval et de sorci\u00e8re\r\nUne mission \u00e0 Saint-V\u00e9ran\r\nVolcano nebula et la com\u00e8te C-2019 Y4 Atlas\r\nVues du Pic\r\nVues sur la Lune\r\n\r\n<strong>APO Team<\/strong>\r\nAPO Team 2.0\r\nAtacama Photographic Observatory\r\nAu nord de la n\u00e9buleuse de Gum\r\nBarnard 312 \u2026 \u00e0 bicyclette\r\nBarnard 72, la n\u00e9buleuse du Serpent\r\nCG12, le poisson austral\r\nCar\u00e8ne ch\u00e9rie\r\nDeGaPe, un catalogue de n\u00e9buleuses plan\u00e9taires\r\nDes r\u00e9manents dans les Voiles\r\nEntre l'Autel et le Scorpion\r\nGuerre et paix dans le Scorpion\r\nHelix Nebula, la merveille du Verseau\r\nIC 2177, La n\u00e9buleuse de la Mouette\r\nIC 2944, la n\u00e9buleuse du poulet qui court\r\nIC 4628 et SF O82, derni\u00e8res lumi\u00e8res dans le Scorpion\r\nIC2118, la t\u00eate de sorci\u00e8re\r\nLa n\u00e9buleuse du Crayon\r\nLa t\u00eate dans les Nuages de Magellan\r\nLe 7\u00e8me \u00e9l\u00e9ment du catalogue VBRC\r\nLes galaxies naines\r\nLongmore 8\r\nM 16 et M 17\r\nM 42, David contre Goliath\r\nM78 et Ldn 1622\r\nM8 et M20, duo magique\r\nMessier 77, entre Atacama et OHP\r\nMille et une nuits\r\nNGC 1313, The topsy-turvy galaxy\r\nNGC 1788 et le groupe HCG 31\r\nNGC 1999, Un trou dans le ciel\r\nNGC 2070, n\u00e9buleuse de la Tarentule\r\nNGC 3576, la Libert\u00e9 \u00e9clairant le monde\r\nNGC 55 et NGC 300, le duo du Sculpteur\r\nNGC 6188, les dragons de l'Autel\r\nNGC 6822 et quelques n\u00e9buleuses voisine\r\nOmega du Centaure\r\nPoupe - Ghostbusters\r\nPr\u00e8s du p\u00f4le Sud, le Cam\u00e9l\u00e9on\r\nRCW 113, premi\u00e8res lumi\u00e8res dans le Scorpion\r\nRCW 89, un r\u00e9manent au Compas\r\nSandqvist, le c\u00f4t\u00e9 obscur des n\u00e9buleuses\r\nUne Rosette aux deux visages\r\n[WR]16, un volcan qui dort\r\n\r\n<strong>Catalogue Arp<\/strong>\r\nA l'extr\u00e9mit\u00e9 du ciel, Arp 166\r\nA l'extr\u00e9mit\u00e9 du ciel, Arp 259\r\nA l'extr\u00e9mit\u00e9 du ciel, Arp 82\r\nArp 285 - collier de perles et queue d\u2019accr\u00e9tion\r\nGalaxies singuli\u00e8res - Le catalogue ARP\r\nLes galaxies d\u2019Arp - Un catalogue de l\u2019\u00e9trange (1)\r\nLes galaxies d\u2019Arp - Un catalogue de l\u2019\u00e9trange (2)\r\nLes galaxies d\u2019Arp - Un catalogue de l\u2019\u00e9trange (3)\r\nLes galaxies d\u2019Arp - Un catalogue de l\u2019\u00e9trange (4)\r\nLes galaxies d\u2019Arp - Un catalogue de l\u2019\u00e9trange (5)\r\nLes galaxies d\u2019Arp - Un catalogue de l\u2019\u00e9trange (6)\r\nLes galaxies d\u2019Arp - Un catalogue de l\u2019\u00e9trange (7)\r\nLes galaxies d\u2019Arp - Un catalogue de l\u2019\u00e9trange (8)\r\nLes galaxies d\u2019Arp - Un catalogue de l\u2019\u00e9trange (9)\r\nLes galaxies d\u2019Arp - Un catalogue de l\u2019\u00e9trange (10)\r\nLes galaxies d\u2019Arp - Un catalogue de l\u2019\u00e9trange (11)","_et_gb_content_width":""},"product_cat":[27],"product_tag":[],"yoast_head":"<!-- This site is optimized with the Yoast SEO plugin v17.1 - https:\/\/yoast.com\/wordpress\/plugins\/seo\/ -->\n<title>Astrophoto430 pages - Astrosurf-Magazine<\/title>\n<meta name=\"robots\" content=\"index, follow, max-snippet:-1, max-image-preview:large, max-video-preview:-1\" \/>\n<link rel=\"canonical\" href=\"https:\/\/astrosurf-magazine.com\/index.php\/product\/astrophotographie430-pages\/\" \/>\n<meta property=\"og:locale\" content=\"fr_FR\" \/>\n<meta property=\"og:type\" content=\"article\" \/>\n<meta property=\"og:title\" content=\"Astrophoto430 pages - Astrosurf-Magazine\" \/>\n<meta property=\"og:description\" content=\"Compilation de 123 articles (430 pages) consacr\u00e9s \u00e0 l&#039;astrophotographie du ciel profond parus dans les num\u00e9ros 1 \u00e0 124 d&#039;Astrosurf-Magazine. Les articles sont au format PDF.\" \/>\n<meta property=\"og:url\" content=\"https:\/\/astrosurf-magazine.com\/index.php\/product\/astrophotographie430-pages\/\" \/>\n<meta property=\"og:site_name\" content=\"Astrosurf-Magazine\" \/>\n<meta property=\"article:publisher\" content=\"https:\/\/www.facebook.com\/AstrosurfMagazine\" \/>\n<meta property=\"article:modified_time\" content=\"2024-11-05T16:03:58+00:00\" \/>\n<meta property=\"og:image\" content=\"https:\/\/astrosurf-magazine.com\/wp-content\/uploads\/2024\/11\/DVD001_Astrophoto-768x997.png\" \/>\n\t<meta property=\"og:image:width\" content=\"768\" \/>\n\t<meta property=\"og:image:height\" content=\"997\" \/>\n<meta name=\"twitter:card\" content=\"summary_large_image\" \/>\n<meta name=\"twitter:label1\" content=\"Dur\u00e9e de lecture est.\" \/>\n\t<meta name=\"twitter:data1\" content=\"1 minute\" \/>\n<script type=\"application\/ld+json\" class=\"yoast-schema-graph\">{\"@context\":\"https:\/\/schema.org\",\"@graph\":[{\"@type\":\"WebSite\",\"@id\":\"https:\/\/astrosurf-magazine.com\/#website\",\"url\":\"https:\/\/astrosurf-magazine.com\/\",\"name\":\"Astrosurf-Magazine\",\"description\":\"Le magazine des astronomes amateurs francophones\",\"potentialAction\":[{\"@type\":\"SearchAction\",\"target\":{\"@type\":\"EntryPoint\",\"urlTemplate\":\"https:\/\/astrosurf-magazine.com\/?s={search_term_string}\"},\"query-input\":\"required name=search_term_string\"}],\"inLanguage\":\"fr-FR\"},{\"@type\":\"ImageObject\",\"@id\":\"https:\/\/astrosurf-magazine.com\/index.php\/product\/astrophotographie430-pages\/#primaryimage\",\"inLanguage\":\"fr-FR\",\"url\":\"https:\/\/astrosurf-magazine.com\/wp-content\/uploads\/2024\/11\/DVD001_Astrophoto.png\",\"contentUrl\":\"https:\/\/astrosurf-magazine.com\/wp-content\/uploads\/2024\/11\/DVD001_Astrophoto.png\",\"width\":1479,\"height\":1920},{\"@type\":\"WebPage\",\"@id\":\"https:\/\/astrosurf-magazine.com\/index.php\/product\/astrophotographie430-pages\/#webpage\",\"url\":\"https:\/\/astrosurf-magazine.com\/index.php\/product\/astrophotographie430-pages\/\",\"name\":\"Astrophoto 430 pages - Astrosurf-Magazine\",\"isPartOf\":{\"@id\":\"https:\/\/astrosurf-magazine.com\/#website\"},\"primaryImageOfPage\":{\"@id\":\"https:\/\/astrosurf-magazine.com\/index.php\/product\/astrophotographie430-pages\/#primaryimage\"},\"datePublished\":\"2024-11-05T10:58:29+00:00\",\"dateModified\":\"2024-11-05T16:03:58+00:00\",\"breadcrumb\":{\"@id\":\"https:\/\/astrosurf-magazine.com\/index.php\/product\/astrophotographie430-pages\/#breadcrumb\"},\"inLanguage\":\"fr-FR\",\"potentialAction\":[{\"@type\":\"ReadAction\",\"target\":[\"https:\/\/astrosurf-magazine.com\/index.php\/product\/astrophotographie430-pages\/\"]}]},{\"@type\":\"BreadcrumbList\",\"@id\":\"https:\/\/astrosurf-magazine.com\/index.php\/product\/astrophotographie430-pages\/#breadcrumb\",\"itemListElement\":[{\"@type\":\"ListItem\",\"position\":1,\"name\":\"Accueil\",\"item\":\"https:\/\/astrosurf-magazine.com\/\"},{\"@type\":\"ListItem\",\"position\":2,\"name\":\"Boutique\",\"item\":\"https:\/\/astrosurf-magazine.com\/index.php\/boutique\/\"},{\"@type\":\"ListItem\",\"position\":3,\"name\":\"Astrophoto430 pages\"}]}]}<\/script>\n<!-- \/ Yoast SEO plugin. -->","yoast_head_json":{"title":"Astrophoto430 pages - Astrosurf-Magazine","robots":{"index":"index","follow":"follow","max-snippet":"max-snippet:-1","max-image-preview":"max-image-preview:large","max-video-preview":"max-video-preview:-1"},"canonical":"https:\/\/astrosurf-magazine.com\/index.php\/product\/astrophotographie430-pages\/","og_locale":"fr_FR","og_type":"article","og_title":"Astrophoto430 pages - Astrosurf-Magazine","og_description":"Compilation de 123 articles (430 pages) consacr\u00e9s \u00e0 l'astrophotographie du ciel profond parus dans les num\u00e9ros 1 \u00e0 124 d'Astrosurf-Magazine. Les articles sont au format PDF.","og_url":"https:\/\/astrosurf-magazine.com\/index.php\/product\/astrophotographie430-pages\/","og_site_name":"Astrosurf-Magazine","article_publisher":"https:\/\/www.facebook.com\/AstrosurfMagazine","article_modified_time":"2024-11-05T16:03:58+00:00","og_image":[{"width":768,"height":997,"filesize":831247,"path":"2024\/11\/DVD001_Astrophoto-768x997.png","url":"https:\/\/astrosurf-magazine.com\/wp-content\/uploads\/2024\/11\/DVD001_Astrophoto-768x997.png","size":"medium_large","id":5419,"alt":"","pixels":765696,"type":"image\/png"}],"twitter_card":"summary_large_image","twitter_misc":{"Dur\u00e9e de lecture est.":"1 minute"},"schema":{"@context":"https:\/\/schema.org","@graph":[{"@type":"WebSite","@id":"https:\/\/astrosurf-magazine.com\/#website","url":"https:\/\/astrosurf-magazine.com\/","name":"Astrosurf-Magazine","description":"Le magazine des astronomes amateurs francophones","potentialAction":[{"@type":"SearchAction","target":{"@type":"EntryPoint","urlTemplate":"https:\/\/astrosurf-magazine.com\/?s={search_term_string}"},"query-input":"required name=search_term_string"}],"inLanguage":"fr-FR"},{"@type":"ImageObject","@id":"https:\/\/astrosurf-magazine.com\/index.php\/product\/astrophotographie430-pages\/#primaryimage","inLanguage":"fr-FR","url":"https:\/\/astrosurf-magazine.com\/wp-content\/uploads\/2024\/11\/DVD001_Astrophoto.png","contentUrl":"https:\/\/astrosurf-magazine.com\/wp-content\/uploads\/2024\/11\/DVD001_Astrophoto.png","width":1479,"height":1920},{"@type":"WebPage","@id":"https:\/\/astrosurf-magazine.com\/index.php\/product\/astrophotographie430-pages\/#webpage","url":"https:\/\/astrosurf-magazine.com\/index.php\/product\/astrophotographie430-pages\/","name":"Astrophoto 430 pages - Astrosurf-Magazine","isPartOf":{"@id":"https:\/\/astrosurf-magazine.com\/#website"},"primaryImageOfPage":{"@id":"https:\/\/astrosurf-magazine.com\/index.php\/product\/astrophotographie430-pages\/#primaryimage"},"datePublished":"2024-11-05T10:58:29+00:00","dateModified":"2024-11-05T16:03:58+00:00","breadcrumb":{"@id":"https:\/\/astrosurf-magazine.com\/index.php\/product\/astrophotographie430-pages\/#breadcrumb"},"inLanguage":"fr-FR","potentialAction":[{"@type":"ReadAction","target":["https:\/\/astrosurf-magazine.com\/index.php\/product\/astrophotographie430-pages\/"]}]},{"@type":"BreadcrumbList","@id":"https:\/\/astrosurf-magazine.com\/index.php\/product\/astrophotographie430-pages\/#breadcrumb","itemListElement":[{"@type":"ListItem","position":1,"name":"Accueil","item":"https:\/\/astrosurf-magazine.com\/"},{"@type":"ListItem","position":2,"name":"Boutique","item":"https:\/\/astrosurf-magazine.com\/index.php\/boutique\/"},{"@type":"ListItem","position":3,"name":"Astrophoto430 pages"}]}]}},"_links":{"self":[{"href":"https:\/\/astrosurf-magazine.com\/index.php\/wp-json\/wp\/v2\/product\/5418"}],"collection":[{"href":"https:\/\/astrosurf-magazine.com\/index.php\/wp-json\/wp\/v2\/product"}],"about":[{"href":"https:\/\/astrosurf-magazine.com\/index.php\/wp-json\/wp\/v2\/types\/product"}],"wp:featuredmedia":[{"embeddable":true,"href":"https:\/\/astrosurf-magazine.com\/index.php\/wp-json\/wp\/v2\/media\/5419"}],"wp:attachment":[{"href":"https:\/\/astrosurf-magazine.com\/index.php\/wp-json\/wp\/v2\/media?parent=5418"}],"wp:term":[{"taxonomy":"product_cat","embeddable":true,"href":"https:\/\/astrosurf-magazine.com\/index.php\/wp-json\/wp\/v2\/product_cat?post=5418"},{"taxonomy":"product_tag","embeddable":true,"href":"https:\/\/astrosurf-magazine.com\/index.php\/wp-json\/wp\/v2\/product_tag?post=5418"}],"curies":[{"name":"wp","href":"https:\/\/api.w.org\/{rel}","templated":true}]}}